{"id":514,"date":"2023-08-25T20:08:28","date_gmt":"2023-08-25T20:08:28","guid":{"rendered":"http:\/\/www2.incor.usp.br\/sites\/spdweb\/?page_id=514"},"modified":"2023-08-25T21:21:34","modified_gmt":"2023-08-25T21:21:34","slug":"book-chapters","status":"publish","type":"page","link":"https:\/\/www2.incor.usp.br\/sites\/spdweb\/book-chapters\/","title":{"rendered":"Book Chapters"},"content":{"rendered":"\n<p>Heimar F. Marin, Eduardo Massad, Marco A. Gutierrez,  Roberto J. Rodrigues, Daniel Sigulem. Global Health Informatics: How Information Technology Can Change Our Lives in a Globalized World. 1. ed. Londres: Elsevier<strong> ISBN 978-0-12-804591-6<\/strong>, 312p., 2017<\/p>\n\n\n\n<p>Daniel M. Lima, Catharine V. Graves, Marco A. Gutierrez,  Bruno Brandoli, Jose F. Rodrigues Jr. Full Motion Focus: Convolutional Module for Improved Left Ventricle Segmentation Over 4D MRI. In:  Image Analysis and Processing. 1ed.: Springer Science and Business Media Deutschland GmbH, Vol. 13231, p. 438-450, 2022. <strong><a href=\"http:\/\/dx.doi.org\/10.1007\/978-3-031-06427-2_37\">http:\/\/dx.doi.org\/10.1007\/978-3-031-06427-2_37<\/a><\/strong><\/p>\n\n\n\n<p>Anderson G. Santiago, Silvio Malmonge,  Pablo Pomerantzeff, Julio Figueiredo, Marco A. Gutierrez. Myxomatous Mitral Valve Mechanical Characterization. In: Teodiano Freire Bastos-Filho; Eliete Maria de Oliveira Caldeira; Anselmo Frizera-Neto. (Org.). IFMBE Proceedings. 1ed.: Springer Nature Switzerland AG, Vol. 83, p. 97-100, 2022.<strong><a href=\" http:\/\/dx.doi.org\/10.1007\/978-3-030-70601-2_16\"> http:\/\/dx.doi.org\/10.1007\/978-3-030-70601-2_16<\/a><\/strong><\/p>\n\n\n\n<p>Marco A. Gutierrez, Jose E. Krieger. Machine Learning in Cardiovascular Medicine. In: N\u00facleo de Informa\u00e7\u00e3o e Comunica\u00e7\u00e3o do Ponto BR. (Org.). ICT in Health 2019. 1ed, S\u00e3o Paulo, Brasil: N\u00facleo de Informa\u00e7\u00e3o e Comunica\u00e7\u00e3o do Ponto BR, ISp. 293-303, 2020. <strong><a href=\"https:\/\/cetic.br\/media\/docs\/publicacoes\/2\/20201123084414\/tic_saude_2019_livro_eletronico.pdf\">https:\/\/cetic.br\/media\/docs\/publicacoes\/2\/20201123084414\/tic_saude_2019_livro_eletronico.pdf<\/a><\/strong><\/p>\n\n\n\n<p>Marco A. Gutierrez, Marina F. S. Rebelo, Ramon A. Moreno, Anderson G. Santiago, Maysa M. G. Macedo. CAD of Cardiovascular Diseases. In: Medical Image Analysis and Informatics: Computer-Aided Diagnosis and Therapy. 1ed.Boca Raton: CRC Press, Taylor &amp; Francis Group, <strong>ISBN 9780367876289<\/strong>,  Vol. 1, p. 145-186, 2017<\/p>\n\n\n\n<p>Heimar F. Marin, Eduardo Massad, Marco A. Gutierrez, Roberto J. Rodrigues, Daniel Sigulem. Global Health Informatics: How Information Technology Can Change Our Lives in a Globalized World. 1. ed. Londres: Elsevier,<strong> ISBN 978-0-12-804591-6<\/strong>, 312p., 2017<\/p>\n\n\n\n<p>Marco A. Gutierrez, Ramon A. Moreno, Marina F.S. Rebelo. Information and Communication Technologies and Global Health Challenges. Global Health Informatics. 1ed.Londres, Inglaterra: Elsevier, <strong>ISBN 978-0-12-804591-6<\/strong>, p. 50-93, 2017.<\/p>\n\n\n\n<p>Marco A. Granero, Marco A. Gutierrez , Eduardo T. Costa. Rebuilding IVUS images from raw data of the RF signal exported by IVUS equipment. In: Emerging Trends in Image Processing, Computer Vision, and Pattern Recognition. 1ed.Waltham, MA &#8211; USA: Elsevier, p. 87-97, 2015. <strong><a href=\"https:\/\/doi.org\/10.1016\/B978-0-12-802045-6.00006-5\">https:\/\/doi.org\/10.1016\/B978-0-12-802045-6.00006-5<\/a><\/strong><\/p>\n\n\n\n<p>Marco A. Gutierrez, Mauricio Higa, Paulo E. Pilon, Marina F.S. Rebelo, Silvia H. G. Lages. Quantitative Assessment of Peripheral Arteries in Ultrasound Images. In: Medical Imaging in Clinical Practice. 1ed.New York: Open Access Company, p. 1-22, 2013. <strong><a href=\"http:\/\/dx.doi.org\/10.5772\/53310\">http:\/\/dx.doi.org\/10.5772\/53310<\/a><\/strong><\/p>\n\n\n\n<p>Marco A. Gutierrez, Ramon A. Moreno, Marina F.S. Rebelo. Computational methods for medial image quantification in SPECT. Scientific Computing Applied to Medicine and Healthcare. 1ed.Petr\u00f3polis, RJ: Laboratory for Scientific Computing, p. 197-227, 2012.<\/p>\n\n\n\n<p>Marco A. Gutierrez, Marina F.S. Rebelo, Sergio S. Furuie, Umberto Tachinardi,  Fabio A. Pires. Experi\u00eancia do InCor em Sistemas de Informa\u00e7\u00f5es em Sa\u00fade. In: Alexandra Maria Vieira Monteiro; Ivan Mathias. (Org.). GoldBook &#8211; Inova\u00e7\u00e3o Tecnol\u00f3gica em Educa\u00e7\u00e3o e Sa\u00fade. 1ed.Rio de Janeiro, RJ: Editora da UERJ, p. 443-468, 2012.<\/p>\n\n\n\n<p>Marina F.S. Rebelo, Sergio S. Furuie, Lincoln A. Moura-Jr, Eduardo T. Costa, Marco A. Gutierrez. Identification of Structures in Medical Imaging. Medical Imaging. Rijeka, Croacia: INTECH Open Access Publisher, p. 1-30, 2011.<\/p>\n\n\n\n<p>Ricardo S. Santos, Fabio A. Pires, Marco A. Gutierrez. Minera\u00e7\u00e3o de Dados em Bases Assistenciais. In:.Avalia\u00e7\u00e3o de Tecnologias em Sa\u00fade: Evid\u00eancia Cl\u00ednica, An\u00e1lise Econ\u00f4mica e An\u00e1lise de Decis\u00e3o. 1ed.S\u00e3o Paulo, Brasil: Artmed Editora S.A., p. 96-115, 2009.<\/p>\n\n\n\n<p>Marco A. Gutierrez, Sergio S. Furuie, Marina F.S. Rebelo, Jose C. Meneghetti. Automatic methods to analyze and quantify cardiac left ventricle parameters by means of SPECT. In: Medical Imaging Systems Technology: Methods in Cardiovascular and Brain Systems. Amsterdam, Holanda: World Scientifc Publishing Co., p. 61-88, 2004.<\/p>\n\n\n\n<p><\/p>\n\n\n\n<p><\/p>\n\n\n\n<p><\/p>\n","protected":false},"excerpt":{"rendered":"<p>Heimar F. Marin, Eduardo Massad, Marco A. Gutierrez, Roberto J. Rodrigues, Daniel Sigulem. Global Health Informatics: How Information Technology Can Change Our Lives in a Globalized World. 1. ed. Londres: Elsevier ISBN 978-0-12-804591-6, 312p., 2017 Daniel M. Lima, Catharine V. Graves, Marco A. Gutierrez, Bruno Brandoli, Jose F. Rodrigues Jr. Full Motion Focus: Convolutional Module &hellip; <a href=\"https:\/\/www2.incor.usp.br\/sites\/spdweb\/book-chapters\/\" class=\"more-link\">Continue lendo <span class=\"screen-reader-text\">Book Chapters<\/span> <span class=\"meta-nav\">&rarr;<\/span><\/a><\/p>\n","protected":false},"author":1,"featured_media":0,"parent":0,"menu_order":0,"comment_status":"closed","ping_status":"closed","template":"","meta":{"footnotes":""},"class_list":["post-514","page","type-page","status-publish","hentry"],"_links":{"self":[{"href":"https:\/\/www2.incor.usp.br\/sites\/spdweb\/wp-json\/wp\/v2\/pages\/514","targetHints":{"allow":["GET"]}}],"collection":[{"href":"https:\/\/www2.incor.usp.br\/sites\/spdweb\/wp-json\/wp\/v2\/pages"}],"about":[{"href":"https:\/\/www2.incor.usp.br\/sites\/spdweb\/wp-json\/wp\/v2\/types\/page"}],"author":[{"embeddable":true,"href":"https:\/\/www2.incor.usp.br\/sites\/spdweb\/wp-json\/wp\/v2\/users\/1"}],"replies":[{"embeddable":true,"href":"https:\/\/www2.incor.usp.br\/sites\/spdweb\/wp-json\/wp\/v2\/comments?post=514"}],"version-history":[{"count":2,"href":"https:\/\/www2.incor.usp.br\/sites\/spdweb\/wp-json\/wp\/v2\/pages\/514\/revisions"}],"predecessor-version":[{"id":527,"href":"https:\/\/www2.incor.usp.br\/sites\/spdweb\/wp-json\/wp\/v2\/pages\/514\/revisions\/527"}],"wp:attachment":[{"href":"https:\/\/www2.incor.usp.br\/sites\/spdweb\/wp-json\/wp\/v2\/media?parent=514"}],"curies":[{"name":"wp","href":"https:\/\/api.w.org\/{rel}","templated":true}]}}