{"id":429,"date":"2023-08-24T21:40:02","date_gmt":"2023-08-24T21:40:02","guid":{"rendered":"http:\/\/www2.incor.usp.br\/sites\/spdweb\/?page_id=429"},"modified":"2023-08-25T20:30:13","modified_gmt":"2023-08-25T20:30:13","slug":"publications-2020","status":"publish","type":"page","link":"https:\/\/www2.incor.usp.br\/sites\/spdweb\/publications-2020\/","title":{"rendered":"Publications-2020"},"content":{"rendered":"\n<p>Carlos R. R. Carvalho, Paula G. Scudeller, Guilherme Rabello, Marco A. Gutierrez, Fabio B. Jatene. Use of telemedicine to combat the COVID-19 pandemic in Brazil. Clinics, Vol. 75, p. 1-2, 2020. <strong><a href=\"http:\/\/dx.doi.org\/10.6061\/clinics\/2020\/e2217\">http:\/\/dx.doi.org\/10.6061\/clinics\/2020\/e2217<\/a><\/strong><\/p>\n\n\n\n<p>Marco A. Gutierrez. An\u00e1lise Computacional da Din\u00e2mica dos Flu\u00eddos na Substitui\u00e7\u00e3o da Valva A\u00f3rtica Transcateter. Arquivos Brasileiros de Cardiologia, Vol. 115, p. 688-689, 2020. <strong><a href=\"http:\/\/dx.doi.org\/10.36660\/abc.20201002\">http:\/\/dx.doi.org\/10.36660\/abc.20201002<\/a><\/strong><\/p>\n\n\n\n<p>Catharine V. Graves, \u00a0Ramon A. Moreno, Marina S. Rebelo, Cesar H. Nomura, Marco A. Gutierrez. Improving the generalization of deep learning methods to segment the left ventricle in short axis MR images. IEEE Engineering in Medicine &amp; Biology Society (EMBC), Vol. 42, p. 1203-1206, 2020. <strong><a href=\"http:\/\/dx.doi.org\/10.1109\/EMBC44109.2020.9175256\">http:\/\/dx.doi.org\/10.1109\/EMBC44109.2020.9175256<\/a><\/strong><\/p>\n\n\n\n<p>Jose R. Ferreira-Jr, Diego A.C. Cardenas, Ramon A. Moreno, Marina F.S. Rebelo, Jose E. Krieger, Marco A. Gutierrez. Multi-View Ensemble Convolutional Neural Network to Improve Classification of Pneumonia in Low Contrast Chest X-Ray Images. IEEE Engineering in Medicine &amp; Biology Society (EMBC), Vol. 42, p. 1238-1241, 2020. <strong><a href=\"http:\/\/dx.doi.org\/10.1109\/embc44109.2020.9176517\">http:\/\/dx.doi.org\/10.1109\/embc44109.2020.9176517<\/a><\/strong><\/p>\n\n\n\n<p>Renata F. Pereira, Marina F.S. Rebelo, Ramon A. Moreno, Anderson G. Marco, Daniel M. Lima, Marcelo A. F. Arruda, Jose E. Krieger, Marco A. Gutierrez. Fully Automated Quantification of Cardiac Indices from Cine MRI Using a Combination of Convolution Neural Networks. IEEE Engineering in Medicine &amp; Biology Society (EMBC), Vol. 42, p. 1221-1224, 2020. <strong><a href=\"http:\/\/dx.doi.org\/10.1109\/EMBC44109.2020.9176166\">http:\/\/dx.doi.org\/10.1109\/EMBC44109.2020.9176166<\/a><\/strong><\/p>\n\n\n\n<p>Jose M. Clementino, Christian C. Bones, Bruno S. Faical, Oscar C. Linares, Daniel M. Lima, Marco A. Gutierrez, Caetano Traina, Agma J. M. Traina. Bag-of-Attributes Representation: A Vector Space Model for Electronic Health Records Analysis in OMOP. International Symposium on ComputerBased Medical Systems (CBMS), Vol. 33. p. 197-202, 2020. <strong><a href=\"http:\/\/dx.doi.org\/10.1109\/CBMS49503.2020.00045\">http:\/\/dx.doi.org\/10.1109\/CBMS49503.2020.00045<\/a><\/strong><\/p>\n\n\n\n<p>Diego A.C. Cardenas, Jose R. Ferreira-Jr,  Ramon A. Moreno, Marina F.S. Rebelo, Jose E. Krieger, Marco A. Gutierrez. Multicenter Validation of Convolutional Neural Networks for Automated Detection of Cardiomegaly on Chest Radiographs. Anais Principais do Simp\u00f3sio Brasileiro de Computa\u00e7\u00e3o Aplicada \u00e0 Sa\u00fade (SBCAS 2020),  p. 179-190, 2020. <strong><a href=\"https:\/\/doi.org\/10.5753\/sbcas.2020.11512.\">https:\/\/doi.org\/10.5753\/sbcas.2020.11512.<\/a><\/strong><\/p>\n\n\n\n<p><\/p>\n","protected":false},"excerpt":{"rendered":"<p>Carlos R. R. Carvalho, Paula G. Scudeller, Guilherme Rabello, Marco A. Gutierrez, Fabio B. Jatene. Use of telemedicine to combat the COVID-19 pandemic in Brazil. Clinics, Vol. 75, p. 1-2, 2020. http:\/\/dx.doi.org\/10.6061\/clinics\/2020\/e2217 Marco A. Gutierrez. An\u00e1lise Computacional da Din\u00e2mica dos Flu\u00eddos na Substitui\u00e7\u00e3o da Valva A\u00f3rtica Transcateter. Arquivos Brasileiros de Cardiologia, Vol. 115, p. 688-689, &hellip; <a href=\"https:\/\/www2.incor.usp.br\/sites\/spdweb\/publications-2020\/\" class=\"more-link\">Continue lendo <span class=\"screen-reader-text\">Publications-2020<\/span> <span class=\"meta-nav\">&rarr;<\/span><\/a><\/p>\n","protected":false},"author":1,"featured_media":0,"parent":0,"menu_order":0,"comment_status":"closed","ping_status":"closed","template":"","meta":{"footnotes":""},"class_list":["post-429","page","type-page","status-publish","hentry"],"_links":{"self":[{"href":"https:\/\/www2.incor.usp.br\/sites\/spdweb\/wp-json\/wp\/v2\/pages\/429","targetHints":{"allow":["GET"]}}],"collection":[{"href":"https:\/\/www2.incor.usp.br\/sites\/spdweb\/wp-json\/wp\/v2\/pages"}],"about":[{"href":"https:\/\/www2.incor.usp.br\/sites\/spdweb\/wp-json\/wp\/v2\/types\/page"}],"author":[{"embeddable":true,"href":"https:\/\/www2.incor.usp.br\/sites\/spdweb\/wp-json\/wp\/v2\/users\/1"}],"replies":[{"embeddable":true,"href":"https:\/\/www2.incor.usp.br\/sites\/spdweb\/wp-json\/wp\/v2\/comments?post=429"}],"version-history":[{"count":3,"href":"https:\/\/www2.incor.usp.br\/sites\/spdweb\/wp-json\/wp\/v2\/pages\/429\/revisions"}],"predecessor-version":[{"id":522,"href":"https:\/\/www2.incor.usp.br\/sites\/spdweb\/wp-json\/wp\/v2\/pages\/429\/revisions\/522"}],"wp:attachment":[{"href":"https:\/\/www2.incor.usp.br\/sites\/spdweb\/wp-json\/wp\/v2\/media?parent=429"}],"curies":[{"name":"wp","href":"https:\/\/api.w.org\/{rel}","templated":true}]}}