{"id":360,"date":"2020-06-17T21:30:18","date_gmt":"2020-06-17T21:30:18","guid":{"rendered":"http:\/\/www2.incor.usp.br\/sites\/spdweb\/?page_id=360"},"modified":"2026-02-26T17:24:15","modified_gmt":"2026-02-26T20:24:15","slug":"jobs","status":"publish","type":"page","link":"https:\/\/www2.incor.usp.br\/sites\/spdweb\/jobs\/","title":{"rendered":"Job &amp; Scholarship Opportunities"},"content":{"rendered":"\n<p><strong>MAR\u00c7O 2026<\/strong><\/p>\n\n\n\n<div class=\"wp-block-file\"><a id=\"wp-block-file--media-5ab48fe9-5937-404e-b807-c334a8d4b4d4\" href=\"http:\/\/www2.incor.usp.br\/sites\/spdweb\/wp-content\/uploads\/2026\/02\/Chamada_Publica_TT4A_FAPESP_FIBRAI.pdf\">Chamada_Publica_TT4A_FAPESP_FIBRAI<\/a><a href=\"http:\/\/www2.incor.usp.br\/sites\/spdweb\/wp-content\/uploads\/2026\/02\/Chamada_Publica_TT4A_FAPESP_FIBRAI.pdf\" class=\"wp-block-file__button wp-element-button\" download aria-describedby=\"wp-block-file--media-5ab48fe9-5937-404e-b807-c334a8d4b4d4\">Baixar<\/a><\/div>\n\n\n\n<figure class=\"wp-block-image size-full is-resized\"><a href=\"http:\/\/www2.incor.usp.br\/sites\/spdweb\/wp-content\/uploads\/2026\/02\/LogoFAPESP.jpg\"><img loading=\"lazy\" decoding=\"async\" width=\"471\" height=\"190\" src=\"http:\/\/www2.incor.usp.br\/sites\/spdweb\/wp-content\/uploads\/2026\/02\/LogoFAPESP.jpg\" alt=\"\" class=\"wp-image-707\" style=\"width:116px;height:auto\" srcset=\"https:\/\/www2.incor.usp.br\/sites\/spdweb\/wp-content\/uploads\/2026\/02\/LogoFAPESP.jpg 471w, https:\/\/www2.incor.usp.br\/sites\/spdweb\/wp-content\/uploads\/2026\/02\/LogoFAPESP-300x121.jpg 300w\" sizes=\"auto, (max-width: 471px) 100vw, 471px\" \/><\/a><\/figure>\n\n\n\n<p><strong>Pesquisadores e Cientistas de Dados: <\/strong>buscamos profissionais talentosos e motivados para integrar nossa equipe em projetos de IA aplicada \u00e0 sa\u00fade, com foco em an\u00e1lise de imagens m\u00e9dicas, integra\u00e7\u00e3o de dados cl\u00ednicos multimodais e desenvolvimento de modelos avan\u00e7ados de aprendizado profundo em infraestrutura de alto desempenho, com impacto direto na medicina de precis\u00e3o. <\/p>\n\n\n\n<div class=\"wp-block-file\"><a id=\"wp-block-file--media-bc2724e5-2f95-4f5f-a4e7-a6f5647c72b4\" href=\"http:\/\/www2.incor.usp.br\/sites\/spdweb\/wp-content\/uploads\/2026\/02\/Chamada-Publica-DD-FAPESP-FAPI.pdf\">Chamada-Publica-DD-FAPESP-FAPI<\/a><a href=\"http:\/\/www2.incor.usp.br\/sites\/spdweb\/wp-content\/uploads\/2026\/02\/Chamada-Publica-DD-FAPESP-FAPI.pdf\" class=\"wp-block-file__button wp-element-button\" download aria-describedby=\"wp-block-file--media-bc2724e5-2f95-4f5f-a4e7-a6f5647c72b4\">Baixar<\/a><\/div>\n\n\n\n<figure class=\"wp-block-image size-full is-resized\"><a href=\"http:\/\/www2.incor.usp.br\/sites\/spdweb\/wp-content\/uploads\/2026\/02\/LogoFAPESP.jpg\"><img loading=\"lazy\" decoding=\"async\" width=\"471\" height=\"190\" src=\"http:\/\/www2.incor.usp.br\/sites\/spdweb\/wp-content\/uploads\/2026\/02\/LogoFAPESP.jpg\" alt=\"\" class=\"wp-image-707\" style=\"width:116px;height:auto\" srcset=\"https:\/\/www2.incor.usp.br\/sites\/spdweb\/wp-content\/uploads\/2026\/02\/LogoFAPESP.jpg 471w, https:\/\/www2.incor.usp.br\/sites\/spdweb\/wp-content\/uploads\/2026\/02\/LogoFAPESP-300x121.jpg 300w\" sizes=\"auto, (max-width: 471px) 100vw, 471px\" \/><\/a><\/figure>\n\n\n\n<p><strong>Doutorado<\/strong>: buscamos mentes brilhantes entre estudantes candidatos a doutorado para se juntarem \u00e0 nossa equipe e atuar no desenvolvimento de modelos avan\u00e7ados de aprendizado profundo aplicados \u00e0 segmenta\u00e7\u00e3o multimodal de imagens m\u00e9dicas e integra\u00e7\u00e3o com dados cl\u00ednicos. O projeto envolve Explainable AI, fus\u00e3o de dados e suporte \u00e0 decis\u00e3o cl\u00ednica, em ambiente multidisciplinar e colabora\u00e7\u00e3o internacional.<\/p>\n\n\n\n<div class=\"wp-block-file\"><a id=\"wp-block-file--media-a43742e6-916b-4074-a560-95bb1b767398\" href=\"http:\/\/www2.incor.usp.br\/sites\/spdweb\/wp-content\/uploads\/2026\/02\/Chamada-Publica-PD-FAPESP-FAPI.pdf\">Chamada-Publica-PD-FAPESP-FAPI<\/a><a href=\"http:\/\/www2.incor.usp.br\/sites\/spdweb\/wp-content\/uploads\/2026\/02\/Chamada-Publica-PD-FAPESP-FAPI.pdf\" class=\"wp-block-file__button wp-element-button\" download aria-describedby=\"wp-block-file--media-a43742e6-916b-4074-a560-95bb1b767398\">Baixar<\/a><\/div>\n\n\n\n<figure class=\"wp-block-image size-full is-resized\"><a href=\"http:\/\/www2.incor.usp.br\/sites\/spdweb\/wp-content\/uploads\/2026\/02\/LogoFAPESP.jpg\"><img loading=\"lazy\" decoding=\"async\" width=\"471\" height=\"190\" src=\"http:\/\/www2.incor.usp.br\/sites\/spdweb\/wp-content\/uploads\/2026\/02\/LogoFAPESP.jpg\" alt=\"\" class=\"wp-image-707\" style=\"width:116px;height:auto\" srcset=\"https:\/\/www2.incor.usp.br\/sites\/spdweb\/wp-content\/uploads\/2026\/02\/LogoFAPESP.jpg 471w, https:\/\/www2.incor.usp.br\/sites\/spdweb\/wp-content\/uploads\/2026\/02\/LogoFAPESP-300x121.jpg 300w\" sizes=\"auto, (max-width: 471px) 100vw, 471px\" \/><\/a><\/figure>\n\n\n\n<p><strong>P\u00f3s &#8211; Doutorado<\/strong>: buscamos pesquisadores talentosos e com perfil de lideran\u00e7a cient\u00edfica para desenvolver e validar modelos avan\u00e7ados de aprendizado profundo para segmenta\u00e7\u00e3o multimodal e progn\u00f3stico cl\u00ednico em imagens m\u00e9dicas, integrando explicabilidade, modelagem de incerteza e valida\u00e7\u00e3o quantitativa rigorosa, em colabora\u00e7\u00e3o internacional e ambiente de alto desempenho computacional..<\/p>\n\n\n\n<p><\/p>\n","protected":false},"excerpt":{"rendered":"<p>MAR\u00c7O 2026 Pesquisadores e Cientistas de Dados: buscamos profissionais talentosos e motivados para integrar nossa equipe em projetos de IA aplicada \u00e0 sa\u00fade, com foco em an\u00e1lise de imagens m\u00e9dicas, integra\u00e7\u00e3o de dados cl\u00ednicos multimodais e desenvolvimento de modelos avan\u00e7ados de aprendizado profundo em infraestrutura de alto desempenho, com impacto direto na medicina de precis\u00e3o. &hellip; <a href=\"https:\/\/www2.incor.usp.br\/sites\/spdweb\/jobs\/\" class=\"more-link\">Continue lendo <span class=\"screen-reader-text\">Job &amp; Scholarship Opportunities<\/span> <span class=\"meta-nav\">&rarr;<\/span><\/a><\/p>\n","protected":false},"author":1,"featured_media":0,"parent":0,"menu_order":0,"comment_status":"closed","ping_status":"closed","template":"","meta":{"footnotes":""},"class_list":["post-360","page","type-page","status-publish","hentry"],"_links":{"self":[{"href":"https:\/\/www2.incor.usp.br\/sites\/spdweb\/wp-json\/wp\/v2\/pages\/360","targetHints":{"allow":["GET"]}}],"collection":[{"href":"https:\/\/www2.incor.usp.br\/sites\/spdweb\/wp-json\/wp\/v2\/pages"}],"about":[{"href":"https:\/\/www2.incor.usp.br\/sites\/spdweb\/wp-json\/wp\/v2\/types\/page"}],"author":[{"embeddable":true,"href":"https:\/\/www2.incor.usp.br\/sites\/spdweb\/wp-json\/wp\/v2\/users\/1"}],"replies":[{"embeddable":true,"href":"https:\/\/www2.incor.usp.br\/sites\/spdweb\/wp-json\/wp\/v2\/comments?post=360"}],"version-history":[{"count":32,"href":"https:\/\/www2.incor.usp.br\/sites\/spdweb\/wp-json\/wp\/v2\/pages\/360\/revisions"}],"predecessor-version":[{"id":708,"href":"https:\/\/www2.incor.usp.br\/sites\/spdweb\/wp-json\/wp\/v2\/pages\/360\/revisions\/708"}],"wp:attachment":[{"href":"https:\/\/www2.incor.usp.br\/sites\/spdweb\/wp-json\/wp\/v2\/media?parent=360"}],"curies":[{"name":"wp","href":"https:\/\/api.w.org\/{rel}","templated":true}]}}