{"id":195,"date":"2019-02-06T18:25:39","date_gmt":"2019-02-06T18:25:39","guid":{"rendered":"http:\/\/www2.incor.usp.br\/sites\/spdweb\/?page_id=195"},"modified":"2019-05-02T19:32:34","modified_gmt":"2019-05-02T19:32:34","slug":"sem-2019","status":"publish","type":"page","link":"https:\/\/www2.incor.usp.br\/sites\/spdweb\/sem-2019\/","title":{"rendered":"Seminars-2019"},"content":{"rendered":"\n<p>Semin\u00e1rios realizados \u00e0s 5as-feiras, \u00e0s 14h30, na Sala C\u00e2ndido Pinto (Servi\u00e7o de Inform\u00e1tica &#8211; 2o Andar do Instituto do Cora\u00e7\u00e3o de S\u00e3o Paulo)<\/p>\n\n\n\n<table class=\"wp-block-table\"><tbody><tr><td><strong>Mar\u00e7o 2019<\/strong><\/td><td><strong>Semin\u00e1rio<\/strong><\/td><\/tr><tr><td>7<\/td><td> Palestrante: Ramon Alfredo Moreno<br>Titulo: <strong>Resumo participa\u00e7\u00e3o SPIE 2019<\/strong><br>Local: Sala C\u00e2ndido Pinto<br>Horario: 14h30<br>Resumo:<strong>Neste semin\u00e1rio ser\u00e1 apresentado um <\/strong><br><strong>resumo da participa\u00e7\u00e3o do SPIE Medical Imaging <\/strong><br><strong>2019 realizado em San Diego, CA em 16-21 de <\/strong><br><strong>Fevereiro de 2019.<\/strong> <\/td><\/tr><tr><td>14<\/td><td>&#8211;<\/td><\/tr><tr><td>21<\/td><td>&#8211;<\/td><\/tr><tr><td>28<\/td><td>Palestrante: Admar Longo Jr.<br>Titulo: <strong>Vis\u00e3o geral de Telemedicina no Brasil<\/strong> <br>Local: Sala C\u00e2ndido Pinto<br>Horario: 14h30<br>Resumo: <strong>Este semin\u00e1rio traz informa\u00e7\u00f5es a respeito <\/strong><br><strong>do uso de telemedicina, com foco no Brasil  e na<\/strong><br><strong> resolu\u00e7\u00e3o 2227\/2018 do CFM (Conselho Federal de <\/strong><br><strong>Medicina). Ser\u00e3o abordados alguns  pontos desta <\/strong><br><strong>resolu\u00e7\u00e3o em rela\u00e7\u00e3o \u00e0 pr\u00e1tica atual, lembrando <\/strong><br><strong>que estas informa\u00e7\u00f5es poder\u00e3o ser alteradas em <\/strong><br><strong>breve, pois logo em seguida \u00e0 publica\u00e7\u00e3o desta<\/strong><br><strong> resolu\u00e7\u00e3o,  a mesma foi revogada para ajustes.<\/strong><br><strong> Al\u00e9m disso, ser\u00e3o apresentadas brevemente outras <br> tecnologias, como wearable devices e rob\u00f3tica que <\/strong><br><strong>est\u00e3o, ou estar\u00e3o, sendo utilizadas  na \u00e1rea de sa\u00fade<\/strong>.<\/td><\/tr><\/tbody><\/table>\n\n\n\n<table class=\"wp-block-table\"><tbody><tr><td><strong>Abril 2019<\/strong><\/td><td><strong>Semin\u00e1rio<\/strong><\/td><\/tr><tr><td>4<\/td><td>&#8211;<\/td><\/tr><tr><td>11<\/td><td>&#8211;<\/td><\/tr><tr><td>18<\/td><td>&#8211;<\/td><\/tr><tr><td>25<\/td><td>&#8211;<\/td><\/tr><\/tbody><\/table>\n\n\n\n<table class=\"wp-block-table\"><tbody><tr><td><strong>Maio 2019<\/strong><\/td><td><strong>Semin\u00e1rio<\/strong><\/td><\/tr><tr><td>2<\/td><td>Palestrante: Daniel M. Lima<br>Titulo: <strong>ETL of SI3 ePR data to OMOP CDM<\/strong><br>Local: Sala C\u00e2ndido Pinto<br>Horario: 14h30<br>Resumo: <strong> In this presentation we discuss about the <\/strong><br><strong>extract-transform-and-load (ETL) process from the <\/strong><br><strong>Electronic Patient Records (ePR) at the Heart Institute <\/strong><br><strong>(InCor) to the OMOP Common Data Model (CDM) <\/strong><br><strong>format. We describe the initial database characterization, <br> relational source mappings, selection filters, data <\/strong><br><strong>transformations and patient  de-identification using <\/strong><br><strong>the open-source OHDSI tools and SQL scripts. We <\/strong><br><strong>evaluate the resulting InCor-CDM database by <\/strong><br><strong>recreating the same patient cohort from a previous <\/strong><br><strong>reference study (over the original data source) and <\/strong><br><strong>comparing the cohorts\u2019 descriptive statistics and <\/strong><br><strong>inclusion reports. The results exhibit that up to 91% of <br> the reference patients were retrieved by our method <\/strong><br><strong>from the ePR through InCor-CDM,  with AUC=0.938. <\/strong><br><strong>The results indicate that the method that we employed <\/strong><br><strong>was able to  produce a new database that was both <\/strong><br><strong>consistent with the original data and in  accordance <\/strong><br><strong>to the OMOP CDM standard.<\/strong> <\/td><\/tr><tr><td>9<\/td><td> <br>Palestrante: Marina Rebelo<br>Titulo:<strong>Algumas aplica\u00e7\u00f5es de deep learning em sa\u00fade<\/strong><br>Local: Sala C\u00e2ndido Pinto<br>Horario: 14h30<br>Resumo: <strong>Neste semin\u00e1rio ser\u00e3o discutidas algumas <\/strong><br><strong>aplica\u00e7\u00f5es de deep  learning publicadas recentemente <\/strong><br><strong>em algumas \u00e1reas da s\u00e1ude,  particularmente em\u00a0 <\/strong><br><strong>an\u00e1lise de imagens m\u00e9dicas e de informa\u00e7\u00f5es do  <\/strong><br><strong>registro eletr\u00f4nico do paciente. <\/strong>  <\/td><\/tr><tr><td>16<\/td><td>&#8211;<\/td><\/tr><tr><td>23<\/td><td>&#8211;<\/td><\/tr><tr><td>30<\/td><td>&#8211;<\/td><\/tr><\/tbody><\/table>\n\n\n\n<table class=\"wp-block-table\"><tbody><tr><td><strong>Junho 2019<\/strong><\/td><td><strong>Semin\u00e1rio<\/strong><\/td><\/tr><tr><td>6<\/td><td>&#8211;<\/td><\/tr><tr><td>13<\/td><td>&#8211;<\/td><\/tr><tr><td>20<\/td><td>&#8211;<\/td><\/tr><tr><td>27<\/td><td>&#8211;<\/td><\/tr><\/tbody><\/table>\n\n\n\n<table class=\"wp-block-table\"><tbody><tr><td><strong>Julho 2019<\/strong><\/td><td><strong>Semin\u00e1rio<\/strong><\/td><\/tr><tr><td>4<\/td><td>&#8211;<\/td><\/tr><tr><td>11<\/td><td>&#8211;<\/td><\/tr><tr><td>18<\/td><td>&#8211;<\/td><\/tr><tr><td>25<\/td><td>&#8211;<\/td><\/tr><\/tbody><\/table>\n\n\n\n<table class=\"wp-block-table\"><tbody><tr><td><strong>Agosto 2019<\/strong><\/td><td><strong>Semin\u00e1rio<\/strong><\/td><\/tr><tr><td>1<\/td><td>&#8211;<\/td><\/tr><tr><td>8<\/td><td>&#8211;<\/td><\/tr><tr><td>15<\/td><td>&#8211;<\/td><\/tr><tr><td>22<\/td><td>&#8211;<\/td><\/tr><tr><td>29<\/td><td><\/td><\/tr><\/tbody><\/table>\n\n\n\n<table class=\"wp-block-table\"><tbody><tr><td><strong>Setembro 2019<\/strong><\/td><td><strong>Semin\u00e1rio<\/strong><\/td><\/tr><tr><td>5<\/td><td>&#8211;<\/td><\/tr><tr><td>12<\/td><td>&#8211;<\/td><\/tr><tr><td>19<\/td><td>&#8211;<\/td><\/tr><tr><td>26<\/td><td>&#8211;<\/td><\/tr><\/tbody><\/table>\n\n\n\n<table class=\"wp-block-table\"><tbody><tr><td><strong>Outubro 2019<\/strong><\/td><td><strong>Semin\u00e1rio<\/strong><\/td><\/tr><tr><td>3<\/td><td>Palestrante: Daniel M. Lima<br>Titulo: &lt;<strong>a definir<\/strong>&gt;<br>Local: Sala C\u00e2ndido Pinto<br>Horario: 14h30<br>Resumo: &lt;<strong>a definir<\/strong>&gt; <\/td><\/tr><tr><td>10<\/td><td>&#8211;<\/td><\/tr><tr><td>17<\/td><td>&#8211;<\/td><\/tr><tr><td>24<\/td><td>&#8211;<\/td><\/tr><\/tbody><\/table>\n\n\n\n<table class=\"wp-block-table\"><tbody><tr><td><strong>Novembro 2019<\/strong><\/td><td><strong>Semin\u00e1rio<\/strong><\/td><\/tr><tr><td>7<\/td><td>&#8211;<\/td><\/tr><tr><td>14<\/td><td>&#8211;<\/td><\/tr><tr><td>21<\/td><td>&#8211;<\/td><\/tr><tr><td>28<\/td><td>&#8211;<\/td><\/tr><\/tbody><\/table>\n\n\n\n<table class=\"wp-block-table\"><tbody><tr><td><strong>Dezembro 2019<\/strong><\/td><td><strong>Semin\u00e1rio<\/strong><\/td><\/tr><tr><td>5<\/td><td>&#8211;<\/td><\/tr><tr><td>12<\/td><td>&#8211;<\/td><\/tr><tr><td>19<\/td><td>&#8211;<\/td><\/tr><tr><td>26<\/td><td>&#8211;<\/td><\/tr><\/tbody><\/table>\n","protected":false},"excerpt":{"rendered":"<p>Semin\u00e1rios realizados \u00e0s 5as-feiras, \u00e0s 14h30, na Sala C\u00e2ndido Pinto (Servi\u00e7o de Inform\u00e1tica &#8211; 2o Andar do Instituto do Cora\u00e7\u00e3o de S\u00e3o Paulo) Mar\u00e7o 2019 Semin\u00e1rio 7 Palestrante: Ramon Alfredo MorenoTitulo: Resumo participa\u00e7\u00e3o SPIE 2019Local: Sala C\u00e2ndido PintoHorario: 14h30Resumo:Neste semin\u00e1rio ser\u00e1 apresentado um resumo da participa\u00e7\u00e3o do SPIE Medical Imaging 2019 realizado em San Diego, &hellip; <a href=\"https:\/\/www2.incor.usp.br\/sites\/spdweb\/sem-2019\/\" class=\"more-link\">Continue lendo <span class=\"screen-reader-text\">Seminars-2019<\/span> <span class=\"meta-nav\">&rarr;<\/span><\/a><\/p>\n","protected":false},"author":1,"featured_media":0,"parent":0,"menu_order":0,"comment_status":"closed","ping_status":"closed","template":"","meta":{"footnotes":""},"class_list":["post-195","page","type-page","status-publish","hentry"],"_links":{"self":[{"href":"https:\/\/www2.incor.usp.br\/sites\/spdweb\/wp-json\/wp\/v2\/pages\/195","targetHints":{"allow":["GET"]}}],"collection":[{"href":"https:\/\/www2.incor.usp.br\/sites\/spdweb\/wp-json\/wp\/v2\/pages"}],"about":[{"href":"https:\/\/www2.incor.usp.br\/sites\/spdweb\/wp-json\/wp\/v2\/types\/page"}],"author":[{"embeddable":true,"href":"https:\/\/www2.incor.usp.br\/sites\/spdweb\/wp-json\/wp\/v2\/users\/1"}],"replies":[{"embeddable":true,"href":"https:\/\/www2.incor.usp.br\/sites\/spdweb\/wp-json\/wp\/v2\/comments?post=195"}],"version-history":[{"count":10,"href":"https:\/\/www2.incor.usp.br\/sites\/spdweb\/wp-json\/wp\/v2\/pages\/195\/revisions"}],"predecessor-version":[{"id":269,"href":"https:\/\/www2.incor.usp.br\/sites\/spdweb\/wp-json\/wp\/v2\/pages\/195\/revisions\/269"}],"wp:attachment":[{"href":"https:\/\/www2.incor.usp.br\/sites\/spdweb\/wp-json\/wp\/v2\/media?parent=195"}],"curies":[{"name":"wp","href":"https:\/\/api.w.org\/{rel}","templated":true}]}}