{"id":141,"date":"2019-02-06T16:28:31","date_gmt":"2019-02-06T16:28:31","guid":{"rendered":"http:\/\/www2.incor.usp.br\/sites\/spdweb\/?page_id=141"},"modified":"2019-03-01T21:24:20","modified_gmt":"2019-03-01T21:24:20","slug":"collaborators","status":"publish","type":"page","link":"https:\/\/www2.incor.usp.br\/sites\/spdweb\/collaborators\/","title":{"rendered":"Collaborators"},"content":{"rendered":"\n<p class=\"has-medium-font-size\"><strong>Fabio Antero Pires<\/strong><\/p>\n\n\n\n<p>Possui gradua\u00e7\u00e3o em Tecnologia em Processamento de Dados pela Universidade Cruzeiro do Sul (1991), especializa\u00e7\u00e3o em Banco de Dados Relacional pela FIAP (2000) e doutorado em Ci\u00eancias pela Faculdade de Medicina da USP (2011). Atualmente \u00e9 diretor da unidade de sistemas do Servi\u00e7o de Inform\u00e1tica do Instituto do Cora\u00e7\u00e3o do HCFMUSP. Tem experi\u00eancia na \u00e1rea de Ci\u00eancia da Computa\u00e7\u00e3o, com \u00eanfase em Arquitetura de Sistemas de Computa\u00e7\u00e3o e Banco de Dados, atuando principalmente nos seguintes temas: gest\u00e3o da informa\u00e7\u00e3o, sistema de informa\u00e7\u00e3o hospitalar, prontu\u00e1rio eletr\u00f4nico do paciente, sistemas estruturados e gest\u00e3o hospitalar. (Fonte: Curriculo Lattes)<\/p>\n\n\n\n<p class=\"has-medium-font-size\"><strong>Marcos Yamaguti<\/strong><\/p>\n\n\n\n<p>Possui doutorado em F\u00edsica pela Universidade de S\u00e3o Paulo (1997). Atualmente \u00e9 supervisor de tecnologia do Servi\u00e7o de Inform\u00e1tica do Instituto do Cora\u00e7\u00e3o HCFMUSP, sendo responsavel pela manuten\u00e7\u00e3o da infrestrutura de rede do hospital (mais de 3000 computadores) e pela infraestrutura de servidores (mais de 30 servidores). Tem experi\u00eancia em Linux, Perl, C++, rede, servidores de e-mail, entre outros. \u00c9 respons\u00e1vel  tamb\u00e9m pela manuten\u00e7\u00e3o da infraestrutura de pesquisa, com gerenciamento de m\u00e1quinas virtuais, clusters e plataformas de pesquisa.  <\/p>\n\n\n\n<p class=\"has-medium-font-size\"><strong>S\u00e9rgio Shiguemi Furuie<\/strong><\/p>\n\n\n\n<p>Sergio Shiguemi Furuie concluiu a gradua\u00e7\u00e3o em Engenharia Eletr\u00f4nica pelo ITA (1977), o mestrado em Engenharia Biom\u00e9dica pela COPPE\/UFRJ em 1980 e o doutorado em Engenharia El\u00e9trica pela Universidade de S\u00e3o Paulo em 1990. Obteve o t\u00edtulo de Livre-docente em 2002 (EPUSP). Atualmente \u00e9 professor titular concursado (desde agosto de 2008) do Departamento de Engenharia de Telecomunica\u00e7\u00f5es e Controle da Escola Polit\u00e9cnica da Universidade de S\u00e3o Paulo, e orientador credenciado na p\u00f3s-gradua\u00e7\u00e3o do Programa de Engenharia El\u00e9trica da EPUSP. Ele est\u00e1 vinculado ao Laborat\u00f3rio de Engenharia Biom\u00e9dica. Foi membro do Comit\u00ea de Assessoramento de Engenharias El\u00e9trica e Biom\u00e9dica (CNPq CA-EE, 2010 a 2013). Participou da Comiss\u00e3o de Avalia\u00e7\u00e3o da CAPES para a \u00e1rea de Engenharia IV nos tri\u00eanios 1998-2000 e 2007-2009. Foi diretor da Unidade de Pesquisa e Desenvolvimento de Inform\u00e1tica do Instituto do Coracao \/ HC.FMUSP de 1995 a agosto de 2008, e orientador credenciado no Programa de Cardiologia da FMUSP. Atua na \u00e1rea de Engenharia Biom\u00e9dica, com \u00eanfase em processamento de imagens m\u00e9dicas e processamento de sinais biol\u00f3gicos. Tem interesse, entre outros, em tomografia quantitativa por ultrassom, algoritmos de reconstru\u00e7\u00e3o tomogr\u00e1fica, an\u00e1lise de sinais e imagens m\u00e9dicas, segmenta\u00e7\u00e3o\/classifica\u00e7\u00e3o, quantifica\u00e7\u00e3o e otimiza\u00e7\u00e3o em imagens. (Fonte: Curr\u00edculo Lattes) <\/p>\n\n\n\n<p class=\"has-medium-font-size\"><strong>Id\u00e1gene Aparecida Cestari<\/strong><\/p>\n\n\n\n<p>Professora Livre-docente em Bioengenharia do Departamento de Cardiopneumologia da Faculdade de Medicina da Universidade de S\u00e3o Paulo com doutorado pelo Departamento de Bioqu\u00edmica e Biologia Molecular da Escola Paulista de Medicina (Universidade Federal de S\u00e3o Paulo, 1994), mestrado em Bioengenharia (Bioengineering Department, Case Western Reserve University, Cleveland, EUA, 1985) e gradua\u00e7\u00e3o em Engenharia Eletr\u00f4nica (Funda\u00e7\u00e3o Educacional de Barretos, 1981). Foi fellow do Department of Artificial Organs da Cleveland Clinic Foundation (1983-1984, EUA), fellow do Institute of Physics of London (2004, Londres), presidente da Sociedade Brasileira de Engenharia Biom\u00e9dica (1998-2000), membro do conselho editorial da revista Physiological Measurements (UK, 2002-2004). \u00c9 diretora da Divis\u00e3o de Bioengenharia do Instituto do Cora\u00e7\u00e3o do Hospital das Cl\u00ednicas da Universidade de S\u00e3o Paulo (1995- atual) . Atua predominantemente em Bioengenharia aplicada a cardiologia, \u00f3rg\u00e3os artificiais, tecnologia m\u00e9dica e engenharia de tecidos. Professora colaboradora do Departamento de Cardiopneumologia da Faculdade de Medicina da USP e do Programa de P\u00f3s-gradua\u00e7\u00e3o em Engenharia Biom\u00e9dica da Escola Polit\u00e9cnica da USP. Co-respons\u00e1vel pelas disciplinas de Instrumenta\u00e7\u00e3o Biom\u00e9dica (P\u00f3s-gradua\u00e7\u00e3o, Escola Polit\u00e9cnica da USP) e Avan\u00e7os em Bioengenharia e tecnologia m\u00e9dica (Gradua\u00e7\u00e3o, Faculdade de Medicina da USP). Foi membro Titular do Comit\u00ea de Assessoramento do CNPQ (2014-2017), do Comit\u00ea de Avalia\u00e7\u00e3o da CAPES (2010-2013) e pertence ao Comit\u00ea Gestor de Inova\u00e7\u00e3o da FMUSP e \u00e0 Comiss\u00e3o de Avalia\u00e7\u00e3o de Tecnologias em Sa\u00fade do Hospital das Cl\u00ednicas da FMUSP. Pesquisa vencedora do Pr\u00eamio P\u00e9ter Mur\u00e1nyi de Desenvolvimento Cient\u00edfico e Tecnol\u00f3gico 2015. (Fonte: Curr\u00edculo Lattes) <\/p>\n\n\n\n<p class=\"has-medium-font-size\"><strong>Umberto Tachinardi<\/strong><\/p>\n\n\n\n<p><strong>MD,MSc, Fellow&nbsp;ACMI<\/strong>, is a Brazilian-born chief information officer and biomedical informaticist. Trained by the founders (Candido Pinto de Melo, Lincoln de Assis Moura Jr and Sergio Shiguemi Furuie) of the prestigious Medical Informatics group of the Heart Institute of S\u00e3o Paulo University Medical School (InCor &#8211;&nbsp;<a href=\"https:\/\/en.wikipedia.org\/wiki\/Instituto_do_Cora%C3%A7%C3%A3o_da_Universidade_de_S%C3%A3o_Paulo\">Instituto do Cora\u00e7\u00e3o da Universidade de S\u00e3o Paulo<\/a>), he started his career developing biomedical signal processing systems on cardiology. Dr. Tachinardi pioneered the use of secure world-wide-web (internet) communications for transmission of medical records in 1994. In addition, he has devoted many years to innovate clinical practice through the development and deployment of integrated clinical information systems as CIO of the InCor and later as the CIO of the Secretary of Health, State of S\u00e3o Paulo.&nbsp;Dr. Tachinardi has thus worked extensively on matters of reengineering the administration and management of medical practices on a large scale. Dr. Tachinardi, newly appointed Associate Dean for Informatics of the University of Wisconsin at Madison, has been since 2006 the Assistant Dean for Informatics and CIO of the Biological Science Division of the&nbsp;<a href=\"https:\/\/en.wikipedia.org\/wiki\/University_of_Chicago\">University of Chicago<\/a>&nbsp;and the Director of Information Technology and Informatics of The&nbsp;<a href=\"https:\/\/en.wikipedia.org\/wiki\/University_of_Chicago_Comprehensive_Cancer_Center\">University of Chicago Comprehensive Cancer Center<\/a>.&nbsp;He also conducts biomedical informatics research and development as a research scientist (Associate Professor) in the Department of Medicine. Dr. Tachinardi has presented over 175 publications, invited lectures, and tutorials. (Fonte: Wikipedia)<\/p>\n\n\n\n<p class=\"has-medium-font-size\"><strong>Eneida A. Mendon\u00e7a<\/strong><\/p>\n\n\n\n<p><strong>E<\/strong>neida A. Mendon\u00e7a, is a Brazilian-born physician-scientist and&nbsp;<a href=\"https:\/\/en.wikipedia.org\/wiki\/Health_informatics\">biomedical informatician<\/a>. She pioneered the use of&nbsp;<a href=\"https:\/\/en.wikipedia.org\/wiki\/Natural_language_processing\">natural language processing<\/a>&nbsp;in both the biomedical literature and in&nbsp;<a href=\"https:\/\/en.wikipedia.org\/wiki\/Electronic_health_record\">electronic medical record<\/a>&nbsp;narratives in order to identify knowledge relevant to medical&nbsp;<a href=\"https:\/\/en.wikipedia.org\/wiki\/Decision_making\">decision making<\/a>&nbsp;in the context of the patient care. In addition, she has devoted many years to develop innovative clinical information systems that have been integrated in the&nbsp;<a href=\"https:\/\/en.wikipedia.org\/wiki\/NewYork%E2%80%93Presbyterian_Hospital\">NewYork\u2013Presbyterian Hospital<\/a>, the&nbsp;<a href=\"https:\/\/en.wikipedia.org\/wiki\/Columbia_University_Medical_Center\">Columbia University Medical Center<\/a>, and the&nbsp;<a href=\"https:\/\/en.wikipedia.org\/wiki\/Cornell_Medical_Center\">Cornell Medical Center<\/a>.<br>Currently, Mendon\u00e7a is a Visiting Associate Professor, Department of Biostatistics &amp; Medical Informatics at the&nbsp;<a href=\"https:\/\/en.wikipedia.org\/wiki\/University_of_Wisconsin-Madison\">University of Wisconsin-Madison<\/a>. Mendon\u00e7a has presented over 100 publications, invited lectures, and tutorials.  (Fonte: Wikipedia)<\/p>\n\n\n\n<p class=\"has-medium-font-size\"><strong>Marly Guimar\u00e3es Fernandes Costa<\/strong><\/p>\n\n\n\n<p>Possui gradua\u00e7\u00e3o em Engenharia El\u00e9trica pela Universidade Federal do Amazonas (1983), mestrado em Engenharia El\u00e9trica, \u00e1rea de concentra\u00e7\u00e3o telecomunica\u00e7\u00f5es, pela Universidade Estadual de Campinas (1988) e doutorado em Engenharia El\u00e9trica, \u00e1rea de concentra\u00e7\u00e3o automa\u00e7\u00e3o, pela Universidade Estadual de Campinas (1996). Atualmente ocupa o cargo de professor Titular,da Universidade Federal do Amazonas. Tem experi\u00eancia na \u00e1rea de Processamento de Digital de Imagens, Reconhecimento de Padr\u00f5es, Engenharia Biom\u00e9dica, atuando principalmente nos seguintes temas: Automa\u00e7\u00e3o por imagem, Desenvolvimento de ferramentas de aux\u00edlio ao diagn\u00f3stico e de sistemas especialistas, coordenando e desenvolvendo projetos de pesquisa &amp; desenvolvimento fomentados por agencias financiadoras e pelas industrias do Polo Industrial de Manaus, Atuou tamb\u00e9m na Gest\u00e3o de Ci\u00eancia e Tecnologia e na Gest\u00e3o Acad\u00eamica, tendo ocupado os cargos de Secretaria Executiva Adjunta de Politicas e Programas de Ci\u00eancia e Tecnologia da Secretaria de Ci\u00eancia, Tecnologia e Inova\u00e7\u00e3o do Estado do Amazonas (2003-2005) e Vice-Reitora da Universidade do Estado do Amazonas (2010&#8211;2013). (Fonte: Curr\u00edculo Lattes) <\/p>\n\n\n\n<p class=\"has-medium-font-size\"><strong>C\u00edcero Ferreira Fernandes Costa Filho<\/strong><\/p>\n\n\n\n<p> Possui gradua\u00e7\u00e3o em Engenharia El\u00e9trica pela Universidade Federal de Pernambuco (1982), mestrado em Engenharia El\u00e9trica, pela Universidade Estadual de Campinas (1985) , na \u00e1rea de microeletr\u00f4nica e doutorado pela Universidade Estadual de Campinas (1996), na \u00e1rea de automa\u00e7\u00e3o. Atuou profissionalmente na Universidade Estadual de Campinas &#8211; UNICAMP e na Funda\u00e7\u00e3o Centro de An\u00e1lise, Pesquisa e Inova\u00e7\u00e3o Tecnol\u00f3gica &#8211; FUCAPI. Desde 1990 \u00e9 docente da Universidade Federal do Amazonas. Atualmente \u00e9 professor associado, atuando no ensino de gradua\u00e7\u00e3o (cursos de Engenharia El\u00e9trica e Engenharia da Computa\u00e7\u00e3o) e de p\u00f3s-gradua\u00e7\u00e3o (Mestrado em Engenharia El\u00e9trica &#8211; PPGEE e doutorado em Engenharia da Computa\u00e7\u00e3o &#8211; PPGI). Seus t\u00f3picos de pesquisa e estudo s\u00e3o: Intelig\u00eancia Artificial, Reconhecimento de Padr\u00f5es, Otimiza\u00e7\u00e3o e Processamento Digital de Imagens. Suas atividades de P&amp;D concentram-se \u00e1reas de Engenharia aplicada a Medicina e Biologia, bem como na \u00e1rea de Automa\u00e7\u00e3o Industrial. As aplica\u00e7\u00f5es industriais desenvolvidas s\u00e3o fruto de 15 anos de intera\u00e7\u00e3o com as industrias instaladas no P\u00f3lo Industrial da Zona Franca de Manaus (PIM). Coordenou e participou como pesquisador de in\u00fameros projetos fomentados pela FINEP, FAPEAM, CAPES, CNPq, SUFRAMA e empresas como Samsung, Nokia, Philips MDS, Tr\u00f3pico Sistemas e Telecomunica\u00e7\u00f5es, financiados com recursos da lei de inform\u00e1tica. Foi vice diretor da Faculdade de Tecnologia &#8211; FT\/UFAM e, por 8 anos, chefe do Departamento de Eletr\u00f4nica e Telecomunica\u00e7\u00f5es , DET\/FT\/ UFAM. Desde 2005 dirige o Centro de Pesquisa e Desenvolvimento em Tecnologia Eletr\u00f4nica e da informa\u00e7\u00e3o\/ CETELI da UFAM. \u00c9 autor de 4 propostas premiadas no Pr\u00eamio Finep de Inova\u00e7\u00e3o Tecnol\u00f3gica\/Etapa Norte, sendo a premia\u00e7\u00e3o mais recente a de 2013, em que o CETELi foi a melhor Institui\u00e7\u00e3o de CT&amp;I da Regi\u00e3o Norte. \u00c9 autor de 20 publica\u00e7\u00f5es em peri\u00f3dicos e 95 publica\u00e7\u00f5es de artigos completos em confer\u00eancias nacionais e internacionais, al\u00e9m de 6 cap\u00edtulos de livros e pedidos de patentes no INPI.  (Fonte: Curr\u00edculo Lattes)<\/p>\n\n\n\n<p class=\"has-medium-font-size\"><strong>Maysa Malfiza Garcia de Macedo<\/strong><\/p>\n\n\n\n<p>Possui P\u00f3s-Doutorado no InCor- Instituto do Cora\u00e7\u00e3o-HCFMUSP, Doutorado em Computa\u00e7\u00e3o pela Universidade de S\u00e3o Paulo, Mestrado em Computa\u00e7\u00e3o Visual e Interface pela Universidade Federal Fluminense (2005) e Bacharelado em Inform\u00e1tica e Tecnologia da Informa\u00e7\u00e3o pela Universidade do Estado do Rio de Janeiro (2002). Possui experi\u00eancia na \u00e1rea de vis\u00e3o computacional, computa\u00e7\u00e3o gr\u00e1fica e aprendizado de m\u00e1quina, atuando principalmente no desenvolvimento de t\u00e9cnicas de processamento e an\u00e1lise de imagens m\u00e9dicas. (Fonte: Curr\u00edculo Lattes) <\/p>\n\n\n\n<p class=\"has-medium-font-size\"><strong>Anderson Gabriel Santiago Cravo<\/strong><\/p>\n\n\n\n<p>Possui gradua\u00e7\u00e3o em Engenharia El\u00e9trica, Mestre em Engenharia Mec\u00e2nica pela Universidade Estadual de Campinas (UNICAMP) e Doutorado em Engenharia El\u00e9trica pela Escola Polit\u00e9cnica da USP. Tem experi\u00eancia em Matem\u00e1tica Aplicada, M\u00e9todos Num\u00e9ricos, Mec\u00e2nica dos S\u00f3lidos, Eletromagnetismo, Processamento de Imagens e Desenvolvimento de Softwares. (Fonte: Curr\u00edculo Lattes)<\/p>\n","protected":false},"excerpt":{"rendered":"<p>Fabio Antero Pires Possui gradua\u00e7\u00e3o em Tecnologia em Processamento de Dados pela Universidade Cruzeiro do Sul (1991), especializa\u00e7\u00e3o em Banco de Dados Relacional pela FIAP (2000) e doutorado em Ci\u00eancias pela Faculdade de Medicina da USP (2011). Atualmente \u00e9 diretor da unidade de sistemas do Servi\u00e7o de Inform\u00e1tica do Instituto do Cora\u00e7\u00e3o do HCFMUSP. Tem &hellip; <a href=\"https:\/\/www2.incor.usp.br\/sites\/spdweb\/collaborators\/\" class=\"more-link\">Continue lendo <span class=\"screen-reader-text\">Collaborators<\/span> <span class=\"meta-nav\">&rarr;<\/span><\/a><\/p>\n","protected":false},"author":1,"featured_media":0,"parent":0,"menu_order":0,"comment_status":"closed","ping_status":"closed","template":"","meta":{"footnotes":""},"class_list":["post-141","page","type-page","status-publish","hentry"],"_links":{"self":[{"href":"https:\/\/www2.incor.usp.br\/sites\/spdweb\/wp-json\/wp\/v2\/pages\/141","targetHints":{"allow":["GET"]}}],"collection":[{"href":"https:\/\/www2.incor.usp.br\/sites\/spdweb\/wp-json\/wp\/v2\/pages"}],"about":[{"href":"https:\/\/www2.incor.usp.br\/sites\/spdweb\/wp-json\/wp\/v2\/types\/page"}],"author":[{"embeddable":true,"href":"https:\/\/www2.incor.usp.br\/sites\/spdweb\/wp-json\/wp\/v2\/users\/1"}],"replies":[{"embeddable":true,"href":"https:\/\/www2.incor.usp.br\/sites\/spdweb\/wp-json\/wp\/v2\/comments?post=141"}],"version-history":[{"count":8,"href":"https:\/\/www2.incor.usp.br\/sites\/spdweb\/wp-json\/wp\/v2\/pages\/141\/revisions"}],"predecessor-version":[{"id":255,"href":"https:\/\/www2.incor.usp.br\/sites\/spdweb\/wp-json\/wp\/v2\/pages\/141\/revisions\/255"}],"wp:attachment":[{"href":"https:\/\/www2.incor.usp.br\/sites\/spdweb\/wp-json\/wp\/v2\/media?parent=141"}],"curies":[{"name":"wp","href":"https:\/\/api.w.org\/{rel}","templated":true}]}}